{"id":853,"date":"2023-04-25T16:24:48","date_gmt":"2023-04-25T16:24:48","guid":{"rendered":"http:\/\/hdrlogistic.com\/?page_id=853"},"modified":"2023-11-29T18:48:08","modified_gmt":"2023-11-29T18:48:08","slug":"hdrlogistics","status":"publish","type":"page","link":"http:\/\/hdrlogistic.com\/en\/hdrlogistics","title":{"rendered":"HDR logistic"},"content":{"rendered":"<div data-elementor-type=\"wp-page\" data-elementor-id=\"853\" class=\"elementor elementor-853\">\n\t\t\t\t\t\t<section class=\"elementor-section elementor-top-section elementor-element elementor-element-54a568de elementor-section-full_width elementor-section-height-default elementor-section-height-default\" data-id=\"54a568de\" data-element_type=\"section\" data-e-type=\"section\">\n\t\t\t\t\t\t<div class=\"elementor-container elementor-column-gap-default\">\n\t\t\t\t\t<div class=\"elementor-column elementor-col-100 elementor-top-column elementor-element elementor-element-3967d95e\" data-id=\"3967d95e\" data-element_type=\"column\" data-e-type=\"column\">\n\t\t\t<div class=\"elementor-widget-wrap elementor-element-populated\">\n\t\t\t\t\t\t<div class=\"elementor-element elementor-element-538f77e9 elementor-align-left elementor-widget elementor-widget-bdevs-banner\" data-id=\"538f77e9\" data-element_type=\"widget\" data-e-type=\"widget\" data-widget_type=\"bdevs-banner.default\">\n\t\t\t\t<div class=\"elementor-widget-container\">\n\t\t\t\t\t\t\t<!-- breadcrumb-area-start -->\r\n        <div class=\"breadcrumb-area pt-230 pb-240\" style=\"background-image:url(http:\/\/hdrlogistic.com\/wp-content\/uploads\/2023\/11\/2.png)\">\r\n            <div class=\"container\">\r\n                <div class=\"row\">\r\n                    <div class=\"col-xl-12\">\r\n                        <div class=\"breadcrumb-text text-center\">\r\n                            <h1>HDR logistic<\/h1>\r\n                                                        <ul class=\"breadcrumb-menu\">\r\n                                <li><a href=\"http:\/\/hdrlogistic.com\/en\/\">Home<\/a><\/li>\r\n                                <li><span>HDR logistic<\/span><\/li>\r\n                            <\/ul>\r\n                                                    <\/div>\r\n                    <\/div>\r\n                <\/div>\r\n            <\/div>\r\n        <\/div>\r\n        <!-- breadcrumb-area-end -->\r\n\t\t\t\t\t<\/div>\n\t\t\t\t<\/div>\n\t\t\t\t\t<\/div>\n\t\t<\/div>\n\t\t\t\t\t<\/div>\n\t\t<\/section>\n\t\t\t\t<section class=\"elementor-section elementor-top-section elementor-element elementor-element-74c99e35 elementor-section-full_width elementor-section-height-default elementor-section-height-default\" data-id=\"74c99e35\" data-element_type=\"section\" data-e-type=\"section\">\n\t\t\t\t\t\t<div class=\"elementor-container elementor-column-gap-default\">\n\t\t\t\t\t<div class=\"elementor-column elementor-col-100 elementor-top-column elementor-element elementor-element-599655af\" data-id=\"599655af\" data-element_type=\"column\" data-e-type=\"column\">\n\t\t\t<div class=\"elementor-widget-wrap elementor-element-populated\">\n\t\t\t\t\t\t<div class=\"elementor-element elementor-element-4573f1fe elementor-align-left elementor-widget elementor-widget-bdevs-about\" data-id=\"4573f1fe\" data-element_type=\"widget\" data-e-type=\"widget\" data-widget_type=\"bdevs-about.default\">\n\t\t\t\t<div class=\"elementor-widget-container\">\n\t\t\t\t\t\t\t        <div class=\"skills-area pos-rel pt-130 pb-100\">\r\n            <div class=\"container\">\r\n                <div class=\"row\">\r\n                    <div class=\"col-xl-6 col-lg-6\">\r\n                        <div class=\"skills-02-wrapper mb-30\">\r\n                            <div class=\"section-title pos-rel mb-40\">\r\n                            \t                                <h1>01<\/h1>\r\n                            \t                            \t                                <span class=\"line\">We are leaders in our field<\/span>\r\n                                                                                                <h2>\n<\/h2>\r\n                                                                                                <h3><span style=\"color: #333333\">OUR MISSION<\/span><\/h3><p>We build trust with our customers through our ground transportation and logistics services, ensuring swift and efficient delivery of their merchandise to its final destination. This is made possible by our highly skilled personnel overseeing distribution, importation, and exportation.<\/p><p>\u00a0<\/p><h3><span style=\"color: #808080\">OUR VISION<\/span><\/h3><p>To establish ourselves as the top pick for customers in the transportation and logistics sector in Mexico and the United States, offering unparalleled security and competitive prices, solidifying our position as the leading company in our tier.<\/p>                            \t                            <\/div>\r\n                                                    <\/div>\r\n                    <\/div>\r\n                    <div class=\"col-xl-6 col-lg-6\">\r\n                        <div class=\"about-img mb-30\">\r\n                            <img decoding=\"async\" src=\"http:\/\/hdrlogistic.com\/wp-content\/uploads\/2023\/04\/mision-vision-logistics.png\" alt=\"\">\r\n                        <\/div>\r\n                    <\/div>\r\n                <\/div>\r\n            <\/div>\r\n        <\/div>\r\n        \t\t\t\t\t<\/div>\n\t\t\t\t<\/div>\n\t\t\t\t\t<\/div>\n\t\t<\/div>\n\t\t\t\t\t<\/div>\n\t\t<\/section>\n\t\t\t\t<section class=\"elementor-section elementor-top-section elementor-element elementor-element-60cc1af1 elementor-section-full_width elementor-section-height-default elementor-section-height-default\" data-id=\"60cc1af1\" data-element_type=\"section\" data-e-type=\"section\">\n\t\t\t\t\t\t<div class=\"elementor-container elementor-column-gap-default\">\n\t\t\t\t\t<div class=\"elementor-column elementor-col-100 elementor-top-column elementor-element elementor-element-3194ae6c\" data-id=\"3194ae6c\" data-element_type=\"column\" data-e-type=\"column\">\n\t\t\t<div class=\"elementor-widget-wrap elementor-element-populated\">\n\t\t\t\t\t\t<div class=\"elementor-element elementor-element-399e0a9f elementor-align-left elementor-widget elementor-widget-bdevs-cta\" data-id=\"399e0a9f\" data-element_type=\"widget\" data-e-type=\"widget\" data-widget_type=\"bdevs-cta.default\">\n\t\t\t\t<div class=\"elementor-widget-container\">\n\t\t\t\t\t\t\t\t\t<!-- cta-area-start -->\r\n        <div class=\"cta-area pt-120 pb-130\" style=\"background-image:url(http:\/\/hdrlogistic.com\/wp-content\/uploads\/2023\/04\/slider-logotics-servicios2.jpg)\">\r\n            <div class=\"container\">\r\n                <div class=\"row\">\r\n                    <div class=\"col-xl-8 col-lg-8 offset-lg-2 offset-xl-2\">\r\n                        <div class=\"cta-wrapper text-center\">\r\n                            <div class=\"cta-text\">\r\n                            \t                                <span>HDR logistic<\/span>\r\n                            \t                                                                <h1>We work to recover your containers from ports <\/h1>\r\n                                                                                                <p><p><strong>or logistics for merchandise transportation from China to USA-Mexico, with door-to-door options (air, sea, land) and 24\/7 satellite monitoring.<\/strong><\/p><\/p>\r\n                                                                                                <a class=\"btn\" href=\"#\">Contact us <i class=\"far fa-paper-plane\"><\/i><\/a>\r\n                                                            <\/div>\r\n                        <\/div>\r\n                    <\/div>\r\n                <\/div>\r\n            <\/div>\r\n        <\/div>\r\n        <!-- cta-area-end -->\r\n        \t\t\t\t\t<\/div>\n\t\t\t\t<\/div>\n\t\t\t\t\t<\/div>\n\t\t<\/div>\n\t\t\t\t\t<\/div>\n\t\t<\/section>\n\t\t\t\t<section class=\"elementor-section elementor-top-section elementor-element elementor-element-376cb4b elementor-section-boxed elementor-section-height-default elementor-section-height-default\" data-id=\"376cb4b\" data-element_type=\"section\" data-e-type=\"section\">\n\t\t\t\t\t\t<div class=\"elementor-container elementor-column-gap-default\">\n\t\t\t\t\t<div class=\"elementor-column elementor-col-100 elementor-top-column elementor-element elementor-element-6dd5621\" data-id=\"6dd5621\" data-element_type=\"column\" data-e-type=\"column\">\n\t\t\t<div class=\"elementor-widget-wrap elementor-element-populated\">\n\t\t\t\t\t\t<div class=\"elementor-element elementor-element-ab5fec3 elementor-arrows-position-inside elementor-pagination-position-outside elementor-widget elementor-widget-image-carousel\" data-id=\"ab5fec3\" data-element_type=\"widget\" data-e-type=\"widget\" data-settings=\"{&quot;navigation&quot;:&quot;both&quot;,&quot;autoplay&quot;:&quot;yes&quot;,&quot;pause_on_hover&quot;:&quot;yes&quot;,&quot;pause_on_interaction&quot;:&quot;yes&quot;,&quot;autoplay_speed&quot;:5000,&quot;infinite&quot;:&quot;yes&quot;,&quot;speed&quot;:500}\" data-widget_type=\"image-carousel.default\">\n\t\t\t\t<div class=\"elementor-widget-container\">\n\t\t\t\t\t\t\t<div class=\"elementor-image-carousel-wrapper swiper\" role=\"region\" aria-roledescription=\"carousel\" aria-label=\"Image Carousel\" dir=\"ltr\">\n\t\t\t<div class=\"elementor-image-carousel swiper-wrapper\" aria-live=\"off\">\n\t\t\t\t\t\t\t\t<div class=\"swiper-slide\" role=\"group\" aria-roledescription=\"slide\" aria-label=\"1 of 12\"><figure class=\"swiper-slide-inner\"><img decoding=\"async\" class=\"swiper-slide-image\" src=\"http:\/\/hdrlogistic.com\/wp-content\/uploads\/2023\/04\/logistica.png\" alt=\"Log\u00edstica de transporte a\u00e9reo, mar\u00edtimo y terrestre\" \/><figcaption class=\"elementor-image-carousel-caption\">Logistics of air, sea, and land transportation. <\/figcaption><\/figure><\/div><div class=\"swiper-slide\" role=\"group\" aria-roledescription=\"slide\" aria-label=\"2 of 12\"><figure class=\"swiper-slide-inner\"><img decoding=\"async\" class=\"swiper-slide-image\" src=\"http:\/\/hdrlogistic.com\/wp-content\/uploads\/2023\/04\/mex-cana-y-eua.png\" alt=\"Servicio integral de puerta a puerta en transporte nacional e internacional\" \/><figcaption class=\"elementor-image-carousel-caption\">Comprehensive door-to-door service in national and international transport.<\/figcaption><\/figure><\/div><div class=\"swiper-slide\" role=\"group\" aria-roledescription=\"slide\" aria-label=\"3 of 12\"><figure class=\"swiper-slide-inner\"><img decoding=\"async\" class=\"swiper-slide-image\" src=\"http:\/\/hdrlogistic.com\/wp-content\/uploads\/2023\/04\/just-in-time.png\" alt=\"Recolecci\u00f3n y entrega \u201cjust in time\u201d\" \/><figcaption class=\"elementor-image-carousel-caption\">\"Just-in-time\"\n Collection and delivery service.<\/figcaption><\/figure><\/div><div class=\"swiper-slide\" role=\"group\" aria-roledescription=\"slide\" aria-label=\"4 of 12\"><figure class=\"swiper-slide-inner\"><img decoding=\"async\" class=\"swiper-slide-image\" src=\"http:\/\/hdrlogistic.com\/wp-content\/uploads\/2023\/04\/recuperacion-de-contenedores-.png\" alt=\"Servicio de recuperaci\u00f3n de contenedores en los puertos de Lonchbeach, los \u00e1ngeles y Santa Teresa (ferroviario)\" \/><figcaption class=\"elementor-image-carousel-caption\">Container recovery service at the Long Beach, Los Angeles and Santa Teresa (rail) ports.<\/figcaption><\/figure><\/div><div class=\"swiper-slide\" role=\"group\" aria-roledescription=\"slide\" aria-label=\"5 of 12\"><figure class=\"swiper-slide-inner\"><img decoding=\"async\" class=\"swiper-slide-image\" src=\"http:\/\/hdrlogistic.com\/wp-content\/uploads\/2023\/04\/caja-en-seco.png\" alt=\"Brindamos el servicio de traslado de contenedores\" \/><figcaption class=\"elementor-image-carousel-caption\">We offer a container transfer service.<\/figcaption><\/figure><\/div><div class=\"swiper-slide\" role=\"group\" aria-roledescription=\"slide\" aria-label=\"6 of 12\"><figure class=\"swiper-slide-inner\"><img decoding=\"async\" class=\"swiper-slide-image\" src=\"http:\/\/hdrlogistic.com\/wp-content\/uploads\/2023\/04\/local.png\" alt=\"Movimientos locales\" \/><figcaption class=\"elementor-image-carousel-caption\">Local movements. <\/figcaption><\/figure><\/div><div class=\"swiper-slide\" role=\"group\" aria-roledescription=\"slide\" aria-label=\"7 of 12\"><figure class=\"swiper-slide-inner\"><img decoding=\"async\" class=\"swiper-slide-image\" src=\"http:\/\/hdrlogistic.com\/wp-content\/uploads\/2023\/04\/mov-local.png\" alt=\"Transporte seco y refrigerado, en la caja de 53 pies\" \/><figcaption class=\"elementor-image-carousel-caption\">Dry transport in 53-foot boxes.<\/figcaption><\/figure><\/div><div class=\"swiper-slide\" role=\"group\" aria-roledescription=\"slide\" aria-label=\"8 of 12\"><figure class=\"swiper-slide-inner\"><img decoding=\"async\" class=\"swiper-slide-image\" src=\"http:\/\/hdrlogistic.com\/wp-content\/uploads\/2023\/04\/gps.png\" alt=\"Rastreo de mercanc\u00eda\" \/><figcaption class=\"elementor-image-carousel-caption\">Merchandise traceability.<\/figcaption><\/figure><\/div><div class=\"swiper-slide\" role=\"group\" aria-roledescription=\"slide\" aria-label=\"9 of 12\"><figure class=\"swiper-slide-inner\"><img decoding=\"async\" class=\"swiper-slide-image\" src=\"http:\/\/hdrlogistic.com\/wp-content\/uploads\/2023\/04\/permiso.png\" alt=\"Proveedores especializados con permisos internacionales\" \/><figcaption class=\"elementor-image-carousel-caption\">Specialized suppliers with international permits <\/figcaption><\/figure><\/div><div class=\"swiper-slide\" role=\"group\" aria-roledescription=\"slide\" aria-label=\"10 of 12\"><figure class=\"swiper-slide-inner\"><img decoding=\"async\" class=\"swiper-slide-image\" src=\"http:\/\/hdrlogistic.com\/wp-content\/uploads\/2023\/04\/garantizado.png\" alt=\"Entrega garantizada.\" \/><figcaption class=\"elementor-image-carousel-caption\">Guaranteed delivery.<\/figcaption><\/figure><\/div><div class=\"swiper-slide\" role=\"group\" aria-roledescription=\"slide\" aria-label=\"11 of 12\"><figure class=\"swiper-slide-inner\"><img decoding=\"async\" class=\"swiper-slide-image\" src=\"http:\/\/hdrlogistic.com\/wp-content\/uploads\/2023\/04\/tramite-aduanal.png\" alt=\"Despachos\" \/><figcaption class=\"elementor-image-carousel-caption\">Dispatches<\/figcaption><\/figure><\/div><div class=\"swiper-slide\" role=\"group\" aria-roledescription=\"slide\" aria-label=\"12 of 12\"><figure class=\"swiper-slide-inner\"><img decoding=\"async\" class=\"swiper-slide-image\" src=\"http:\/\/hdrlogistic.com\/wp-content\/uploads\/2023\/04\/seguimiento-contenedor.png\" alt=\"Cajas directas y trasbordo, productos alimenticios, mercanc\u00eda en general, productos de consumo y transfer\" \/><figcaption class=\"elementor-image-carousel-caption\">Direct boxes and transshipment, foodstuffs, general merchandise, consumer products and transfer.<\/figcaption><\/figure><\/div>\t\t\t<\/div>\n\t\t\t\t\t\t\t\t\t\t\t\t<div class=\"elementor-swiper-button elementor-swiper-button-prev\" role=\"button\" tabindex=\"0\">\n\t\t\t\t\t\t<i aria-hidden=\"true\" class=\"eicon-chevron-left\"><\/i>\t\t\t\t\t<\/div>\n\t\t\t\t\t<div class=\"elementor-swiper-button elementor-swiper-button-next\" role=\"button\" tabindex=\"0\">\n\t\t\t\t\t\t<i aria-hidden=\"true\" class=\"eicon-chevron-right\"><\/i>\t\t\t\t\t<\/div>\n\t\t\t\t\n\t\t\t\t\t\t\t\t\t<div class=\"swiper-pagination\"><\/div>\n\t\t\t\t\t\t\t\t\t<\/div>\n\t\t\t\t\t\t<\/div>\n\t\t\t\t<\/div>\n\t\t\t\t\t<\/div>\n\t\t<\/div>\n\t\t\t\t\t<\/div>\n\t\t<\/section>\n\t\t\t\t<\/div>","protected":false},"excerpt":{"rendered":"<p>HDR Logistics Home HDR Logistics 01 Somo lideres en nuestro ramo Misi\u00f3nGeneramos confianza a nuestros clientes, con el servicio de transporte y log\u00edstica terrestre, asegur\u00e1ndoles que su mercanc\u00eda llegara\u0301 a su destino final de forma r\u00e1pida y eficiente por el mejor equipo de personal encargado de distribuir, importar y exportar sus productos.\u00a0Visi\u00f3nSer la primera opci\u00f3n [&hellip;]<\/p>\n","protected":false},"author":1,"featured_media":0,"parent":0,"menu_order":0,"comment_status":"closed","ping_status":"closed","template":"page-templates\/home-2.php","meta":{"_monsterinsights_skip_tracking":false,"_monsterinsights_sitenote_active":false,"_monsterinsights_sitenote_note":"","_monsterinsights_sitenote_category":0,"footnotes":""},"class_list":["post-853","page","type-page","status-publish","hentry"],"aioseo_notices":[],"_links":{"self":[{"href":"http:\/\/hdrlogistic.com\/en\/wp-json\/wp\/v2\/pages\/853","targetHints":{"allow":["GET"]}}],"collection":[{"href":"http:\/\/hdrlogistic.com\/en\/wp-json\/wp\/v2\/pages"}],"about":[{"href":"http:\/\/hdrlogistic.com\/en\/wp-json\/wp\/v2\/types\/page"}],"author":[{"embeddable":true,"href":"http:\/\/hdrlogistic.com\/en\/wp-json\/wp\/v2\/users\/1"}],"replies":[{"embeddable":true,"href":"http:\/\/hdrlogistic.com\/en\/wp-json\/wp\/v2\/comments?post=853"}],"version-history":[{"count":3,"href":"http:\/\/hdrlogistic.com\/en\/wp-json\/wp\/v2\/pages\/853\/revisions"}],"predecessor-version":[{"id":1130,"href":"http:\/\/hdrlogistic.com\/en\/wp-json\/wp\/v2\/pages\/853\/revisions\/1130"}],"wp:attachment":[{"href":"http:\/\/hdrlogistic.com\/en\/wp-json\/wp\/v2\/media?parent=853"}],"curies":[{"name":"wp","href":"https:\/\/api.w.org\/{rel}","templated":true}]}}